{"id":2761,"date":"2024-11-05T14:20:02","date_gmt":"2024-11-05T14:20:02","guid":{"rendered":"https:\/\/quoriomplus.ca\/certification-biologique\/"},"modified":"2025-06-24T19:34:18","modified_gmt":"2025-06-24T19:34:18","slug":"certification-biologique","status":"publish","type":"page","link":"https:\/\/quoriomplus.ca\/fr-ca\/certification-biologique\/","title":{"rendered":"Certification biologique"},"content":{"rendered":"<p>[et_pb_section fb_built=\u00a0\u00bb1&Prime; custom_padding_last_edited=\u00a0\u00bbon|phone\u00a0\u00bb _builder_version=\u00a0\u00bb4.23.1&Prime; _module_preset=\u00a0\u00bbdefault\u00a0\u00bb custom_padding=\u00a0\u00bb41px||0px||false|false\u00a0\u00bb custom_padding_tablet=\u00a0\u00bb0px||||false|false\u00a0\u00bb custom_padding_phone=\u00a0\u00bb0px||||false|false\u00a0\u00bb global_colors_info=\u00a0\u00bb{}\u00a0\u00bb][et_pb_row custom_padding_last_edited=\u00a0\u00bbon|phone\u00a0\u00bb _builder_version=\u00a0\u00bb4.23.1&Prime; _module_preset=\u00a0\u00bbdefault\u00a0\u00bb width=\u00a0\u00bb90%\u00a0\u00bb max_width=\u00a0\u00bb1062px\u00a0\u00bb module_alignment=\u00a0\u00bbcenter\u00a0\u00bb custom_padding=\u00a0\u00bb75px||75px||true|false\u00a0\u00bb custom_padding_tablet=\u00a0\u00bb75px||75px||true|false\u00a0\u00bb custom_padding_phone=\u00a0\u00bb40px||60px||false|false\u00a0\u00bb global_colors_info=\u00a0\u00bb{}\u00a0\u00bb][et_pb_column type=\u00a0\u00bb4_4&Prime; _builder_version=\u00a0\u00bb4.23.1&Prime; _module_preset=\u00a0\u00bbdefault\u00a0\u00bb global_colors_info=\u00a0\u00bb{}\u00a0\u00bb][et_pb_blurb title=\u00a0\u00bbCertification biologique\u00a0\u00bb content_max_width=\u00a0\u00bb100%\u00a0\u00bb _builder_version=\u00a0\u00bb4.27.2&Prime; _module_preset=\u00a0\u00bbdefault\u00a0\u00bb header_level=\u00a0\u00bbh1&Prime; header_font=\u00a0\u00bb||||||||\u00a0\u00bb header_text_align=\u00a0\u00bbcenter\u00a0\u00bb header_text_color=\u00a0\u00bb#231F20&Prime; header_font_size=\u00a0\u00bb86.4px\u00a0\u00bb body_font=\u00a0\u00bbDM Sans||||||||\u00a0\u00bb body_text_align=\u00a0\u00bbcenter\u00a0\u00bb body_text_color=\u00a0\u00bb#231F20&Prime; body_line_height=\u00a0\u00bb154.7%\u00a0\u00bb text_orientation=\u00a0\u00bbcenter\u00a0\u00bb custom_margin=\u00a0\u00bb||0px||false|false\u00a0\u00bb custom_padding_tablet=\u00a0\u00bb\u00a0\u00bb custom_padding_phone=\u00a0\u00bb\u00a0\u00bb custom_padding_last_edited=\u00a0\u00bbon|desktop\u00a0\u00bb header_font_size_tablet=\u00a0\u00bb86.4px\u00a0\u00bb header_font_size_phone=\u00a0\u00bb50px\u00a0\u00bb header_font_size_last_edited=\u00a0\u00bbon|desktop\u00a0\u00bb custom_css_free_form=\u00a0\u00bbselector .et_pb_blurb_description{||  max-width: 634px;||  margin: 0 auto;||}||selector .et_pb_module_header{||  padding-bottom: 25px;||  font-weight: 500;||}\u00a0\u00bb global_colors_info=\u00a0\u00bb{}\u00a0\u00bb]<\/p>\n<p class=\"p1\">Chez Wandler Probiotics, nous sommes fiers de maintenir les normes les plus \u00e9lev\u00e9es de qualit\u00e9 et de durabilit\u00e9 dans nos processus de fabrication. Notre certification biologique t\u00e9moigne de notre engagement \u00e0 fournir des produits non seulement efficaces, mais aussi respectueux de l\u2019environnement.<\/p>\n<p>[\/et_pb_blurb][\/et_pb_column][\/et_pb_row][\/et_pb_section][et_pb_section fb_built=\u00a0\u00bb1&Prime; _builder_version=\u00a0\u00bb4.23.1&Prime; _module_preset=\u00a0\u00bbdefault\u00a0\u00bb custom_padding=\u00a0\u00bb0px||102px||false|false\u00a0\u00bb global_colors_info=\u00a0\u00bb{}\u00a0\u00bb][et_pb_row column_structure=\u00a0\u00bb1_2,1_2&Prime; _builder_version=\u00a0\u00bb4.23.1&Prime; _module_preset=\u00a0\u00bbdefault\u00a0\u00bb width=\u00a0\u00bb90%\u00a0\u00bb max_width=\u00a0\u00bb1293px\u00a0\u00bb module_alignment=\u00a0\u00bbcenter\u00a0\u00bb custom_padding=\u00a0\u00bb0px||0px||false|false\u00a0\u00bb global_colors_info=\u00a0\u00bb{}\u00a0\u00bb][et_pb_column type=\u00a0\u00bb1_2&Prime; _builder_version=\u00a0\u00bb4.23.1&Prime; _module_preset=\u00a0\u00bbdefault\u00a0\u00bb global_colors_info=\u00a0\u00bb{}\u00a0\u00bb][et_pb_image src=\u00a0\u00bbhttps:\/\/quoriomplus.ca\/wp-content\/uploads\/sites\/5\/2025\/06\/2024-Wandler-Probiotics-inc.-CORCanUSCert-scaled.jpg\u00a0\u00bb alt=\u00a0\u00bbCertification biologique\u00a0\u00bb title_text=\u00a0\u00bb2024 Wandler Probiotics, inc. CORCanUSCert \u00a0\u00bb align=\u00a0\u00bbcenter\u00a0\u00bb force_fullwidth=\u00a0\u00bbon\u00a0\u00bb _builder_version=\u00a0\u00bb4.27.4&Prime; _module_preset=\u00a0\u00bbdefault\u00a0\u00bb hover_enabled=\u00a0\u00bb0&Prime; global_colors_info=\u00a0\u00bb{}\u00a0\u00bb sticky_enabled=\u00a0\u00bb0&Prime;][\/et_pb_image][\/et_pb_column][et_pb_column type=\u00a0\u00bb1_2&Prime; _builder_version=\u00a0\u00bb4.23.1&Prime; _module_preset=\u00a0\u00bbdefault\u00a0\u00bb global_colors_info=\u00a0\u00bb{}\u00a0\u00bb][et_pb_text _builder_version=\u00a0\u00bb4.27.2&Prime; _module_preset=\u00a0\u00bbdefault\u00a0\u00bb global_colors_info=\u00a0\u00bb{}\u00a0\u00bb]<\/p>\n<p class=\"p1\"><b>Notre certification<\/b><\/p>\n<p class=\"p3\">Nous sommes certifi\u00e9s biologiques par TransCanada Organic Certification Services, ce qui garantit que nos processus et nos produits respectent des directives strictes en mati\u00e8re de pratiques biologiques. Cette certification confirme que notre usine de fabrication adh\u00e8re au R\u00e9gime biologique Canada (COR), favorisant l\u2019utilisation d\u2019ingr\u00e9dients biologiques et de m\u00e9thodes durables.<\/p>\n<p class=\"p1\">La certification biologique signifie que nos produits, y compris Quoriom+, sont fabriqu\u00e9s \u00e0 partir d\u2019ingr\u00e9dients cultiv\u00e9s sans pesticides nocifs, engrais synth\u00e9tiques ou organismes g\u00e9n\u00e9tiquement modifi\u00e9s. Cela contribue non seulement \u00e0 un produit plus sain pour nos consommateurs, mais soutient \u00e9galement des pratiques agricoles durables qui profitent \u00e0 la plan\u00e8te.<\/p>\n<p class=\"p1\">Explorez notre engagement envers la qualit\u00e9 et la durabilit\u00e9 gr\u00e2ce \u00e0 nos produits certifi\u00e9s biologiques, et joignez-vous \u00e0 nous dans le voyage vers un monde plus sain.<\/p>\n<p>&nbsp;<\/p>\n<p>[\/et_pb_text][\/et_pb_column][\/et_pb_row][\/et_pb_section]<\/p>\n","protected":false},"excerpt":{"rendered":"<p>Chez Wandler Probiotics, nous sommes fiers de maintenir les normes les plus \u00e9lev\u00e9es de qualit\u00e9 et de durabilit\u00e9 dans nos processus de fabrication. Notre certification biologique t\u00e9moigne de notre engagement \u00e0 fournir des produits non seulement efficaces, mais aussi respectueux de l\u2019environnement.Notre certification Nous sommes certifi\u00e9s biologiques par TransCanada Organic Certification Services, ce qui garantit [&hellip;]<\/p>\n","protected":false},"author":1,"featured_media":0,"parent":0,"menu_order":0,"comment_status":"closed","ping_status":"closed","template":"","meta":{"_acf_changed":false,"_et_pb_use_builder":"on","_et_pb_old_content":"","_et_gb_content_width":"","inline_featured_image":false,"footnotes":""},"class_list":["post-2761","page","type-page","status-publish","hentry"],"acf":[],"jetpack_sharing_enabled":true,"_links":{"self":[{"href":"https:\/\/quoriomplus.ca\/fr-ca\/wp-json\/wp\/v2\/pages\/2761","targetHints":{"allow":["GET"]}}],"collection":[{"href":"https:\/\/quoriomplus.ca\/fr-ca\/wp-json\/wp\/v2\/pages"}],"about":[{"href":"https:\/\/quoriomplus.ca\/fr-ca\/wp-json\/wp\/v2\/types\/page"}],"author":[{"embeddable":true,"href":"https:\/\/quoriomplus.ca\/fr-ca\/wp-json\/wp\/v2\/users\/1"}],"replies":[{"embeddable":true,"href":"https:\/\/quoriomplus.ca\/fr-ca\/wp-json\/wp\/v2\/comments?post=2761"}],"version-history":[{"count":0,"href":"https:\/\/quoriomplus.ca\/fr-ca\/wp-json\/wp\/v2\/pages\/2761\/revisions"}],"wp:attachment":[{"href":"https:\/\/quoriomplus.ca\/fr-ca\/wp-json\/wp\/v2\/media?parent=2761"}],"curies":[{"name":"wp","href":"https:\/\/api.w.org\/{rel}","templated":true}]}}