{"id":3538,"date":"2026-02-10T00:50:13","date_gmt":"2026-02-10T00:50:13","guid":{"rendered":"https:\/\/quoriomplus.ca\/conditions-dutilisation-des-affilies\/"},"modified":"2026-02-10T00:58:52","modified_gmt":"2026-02-10T00:58:52","slug":"conditions-dutilisation-des-affilies","status":"publish","type":"page","link":"https:\/\/quoriomplus.ca\/fr-ca\/conditions-dutilisation-des-affilies\/","title":{"rendered":"Conditions d\u2019utilisation des affili\u00e9s"},"content":{"rendered":"\n<p>En tant qu\u2019affili\u00e9 autoris\u00e9 (affili\u00e9) de Quoriom+ \u2122 Live Probiotics, vous acceptez de respecter les termes et conditions contenus dans cette entente (Entente). Veuillez lire attentivement l\u2019accord complet avant d\u2019enregistrer et de promouvoir Quoriom+ CDN en tant qu\u2019affili\u00e9. <\/p>\n\n<p>Votre participation au programme vise uniquement \u00e0 faire la publicit\u00e9 l\u00e9gale de notre site web afin de recevoir une commission sur les adh\u00e9sions et produits achet\u00e9s par des personnes r\u00e9f\u00e9r\u00e9es \u00e0 Quoriom+ \u2122 Live Probiotics via votre propre site web ou par recommandations personnelles.<\/p>\n\n<p>En vous inscrivant au Programme d\u2019affiliation Quoriom \u2122+ Live Probiotics (Programme), vous manifestez votre acceptation de cet Accord ainsi que de ses modalit\u00e9s.<\/p>\n\n<h2 class=\"wp-block-heading\" id=\"approval-or-rejection\">Approbation ou rejet de la demande<\/h2>\n\n<p>Nous nous r\u00e9servons le droit d\u2019approuver ou de rejeter toute demande de programme d\u2019affiliation \u00e0 notre seule et absolue discr\u00e9tion. Vous n\u2019aurez aucun recours l\u00e9gal contre nous en cas de rejet de votre demande de programme d\u2019affiliation. <\/p>\n\n<h2 class=\"wp-block-heading\" id=\"commissions\">Commissions<\/h2>\n\n<p>Les commissions sont calcul\u00e9es sur <strong>les ventes nettes<\/strong>, \u00e0 l\u2019exclusion de l\u2019exp\u00e9dition, des taxes, des rabais, des remboursements, des r\u00e9trofacturations et des transactions frauduleuses.<br\/>Le cookie de suivi des r\u00e9f\u00e9rences dure <strong>14 jours<\/strong> \u00e0 partir du premier clic, sauf indication contraire.<br\/>Les commissions deviennent admissibles au paiement d\u00e8s que la commande est consid\u00e9r\u00e9e comme d\u00e9finitive (c\u2019est-\u00e0-dire en dehors de notre p\u00e9riode d\u2019examen des remboursements\/r\u00e9trofacturations).<br\/><strong>Les auto-r\u00e9f\u00e9rences ne sont pas permises<\/strong>. Vous ne toucherez pas de commission sur vos propres achats. <\/p>\n\n<p>Les commissions sont pay\u00e9es uniquement lors de l\u2019achat initial. Les renouvellements d\u2019abonnement ne sont pas commissionnables sauf indication explicite. <\/p>\n\n<h2 class=\"wp-block-heading\" id=\"termination\">Terminaison<\/h2>\n\n<p>Votre demande d\u2019affiliation et votre statut dans le programme peuvent \u00eatre suspendus ou r\u00e9sili\u00e9s pour l\u2019une des raisons suivantes :<\/p>\n\n<ul class=\"wp-block-list\">\n<li>Publicit\u00e9s inappropri\u00e9es (fausses affirmations, hyperliens trompeurs, etc.).<\/li>\n\n\n\n<li>Spam (courriels de masse, publication massive de groupes de discussion, etc.).<\/li>\n\n\n\n<li>Publicit\u00e9 sur des sites contenant ou faisant la promotion d\u2019activit\u00e9s ill\u00e9gales.<\/li>\n\n\n\n<li>D\u00e9faut de divulguer la relation d\u2019affiliation pour toute promotion qui constitue une approbation selon les directives et r\u00e8glements existants de la Federal Trade Commission, ou toute loi d\u2019\u00c9tat applicable.<\/li>\n\n\n\n<li>Violation des droits de propri\u00e9t\u00e9 intellectuelle. Quoriom+ \u2122 Live Probiotics se r\u00e9serve le droit d\u2019exiger des accords de licence aupr\u00e8s de ceux qui utilisent les marques d\u00e9pos\u00e9es de Quoriom+ \u2122 Live Probiotics afin de prot\u00e9ger nos droits de propri\u00e9t\u00e9 intellectuelle. <\/li>\n\n\n\n<li>Offrir des rabais, coupons ou toute autre forme de pots-de-vin promis de votre commission d\u2019affiliation comme incitation. Ajouter des bonus ou regrouper d\u2019autres produits avec Quoriom+ \u2122 Live Probiotics, cependant, est acceptable. <\/li>\n\n\n\n<li>Auto-r\u00e9f\u00e9rences, transactions frauduleuses, suspicion de fraude d\u2019affiliation.<\/li>\n<\/ul>\n\n<p>En plus de ce qui pr\u00e9c\u00e8de, Quoriom+ \u2122 Live Probiotics se r\u00e9serve le droit de mettre fin \u00e0 tout compte affili\u00e9 \u00e0 tout moment, pour toute violation de ce Contrat ou sans raison.<\/p>\n\n<h2 class=\"wp-block-heading\" id=\"affiliate-links\">Liens d\u2019affiliation<\/h2>\n\n<p>Vous pouvez utiliser des liens graphiques et textuels \u00e0 la fois sur votre site web et \u00e0 l\u2019int\u00e9rieur de vos courriels. Vous pouvez aussi faire la promotion du site Quoriom+ \u2122 Live Probiotics dans des petites annonces, magazines et journaux en ligne et hors ligne. <\/p>\n\n<p>Vous pouvez utiliser les graphiques et le texte fournis par nous, ou cr\u00e9er les v\u00f4tres tant qu\u2019ils sont jug\u00e9s appropri\u00e9s selon les conditions et qu\u2019ils ne contreviennent pas \u00e0 la section R\u00e9siliation.<\/p>\n\n<h2 class=\"wp-block-heading\">Marketing par courriel et anti-pourriels<\/h2>\n\n<p>Les affili\u00e9s doivent se conformer \u00e0 toutes les lois applicables contre le pourriel et la vie priv\u00e9e (y compris CASL, CAN-SPAM, GDPR lorsque applicable). Vous ne pouvez envoyer des courriels qu\u2019aux personnes qui vous ont donn\u00e9 la permission de recevoir des messages marketing, et vous devez inclure une m\u00e9thode claire de d\u00e9sabonnement lorsque n\u00e9cessaire. Le pourriel, les listes achet\u00e9es ou les courriels de masse non sollicit\u00e9s sont interdits.  <\/p>\n\n<h2 class=\"wp-block-heading\" id=\"coupon-and-deal-sites\">Sites de coupons et d\u2019offres<\/h2>\n\n<p>Quoriom+ \u2122 Live Probiotics offre parfois des coupons \u00e0 certains affili\u00e9s et aux abonn\u00e9s de notre infolettre. Si vous n\u2019\u00eates pas pr\u00e9approuv\u00e9 ou assign\u00e9 \u00e0 un coupon de marque, vous n\u2019avez pas le droit de promouvoir le coupon. Voici les conditions qui s\u2019appliquent \u00e0 tout affili\u00e9 qui envisage de promouvoir nos produits en lien avec une offre ou un coupon :  <\/p>\n\n<ul class=\"wp-block-list\">\n<li>Les affili\u00e9s ne peuvent pas utiliser de texte trompeur sur des liens, boutons ou images d\u2019affiliation pour insinuer autre chose que des transactions actuellement autoris\u00e9es \u00e0 l\u2019affili\u00e9 sp\u00e9cifique.<\/li>\n\n\n\n<li>Les affili\u00e9s ne peuvent pas ench\u00e9rir sur les coupons Quoriom+ \u2122 Live Probiotiques, les rabais Quoriom+ \u2122 Live Probiotics ou d\u2019autres termes impliquant la disponibilit\u00e9 de coupons.<\/li>\n\n\n\n<li>Les affili\u00e9s ne peuvent pas g\u00e9n\u00e9rer de fen\u00eatres contextuelles, pop-unders, iframes, cadres ou autres actions visibles ou invisibles qui activent des cookies d\u2019affiliation, sauf si l\u2019utilisateur a manifest\u00e9 un int\u00e9r\u00eat clair et explicite \u00e0 activer une \u00e9conomie sp\u00e9cifique en cliquant sur un lien, un bouton ou une image clairement marqu\u00e9 pour ce coupon ou cette offre particuli\u00e8re. Votre lien doit envoyer le visiteur vers le site du commer\u00e7ant. <\/li>\n\n\n\n<li>L\u2019utilisateur doit pouvoir voir les informations et d\u00e9tails sur les coupons\/offres\/\u00e9conomies avant qu\u2019un cookie d\u2019affiliation ne soit configur\u00e9 (par exemple, \u00ab cliquez ici pour voir les coupons et ouvrir une fen\u00eatre sur le site du commer\u00e7ant \u00bb n\u2019est PAS permis).<\/li>\n\n\n\n<li>Les sites affili\u00e9s peuvent ne pas avoir de \u00ab Cliquez pour (ou pour voir) Affaire\/Coupon \u00bb ou toute autre variante, lorsqu\u2019il n\u2019y a pas de coupons ou d\u2019offres disponibles, et que le clic ouvre le site du commer\u00e7ant ou configure un cookie. Les affili\u00e9s ayant ce texte sur la page d\u2019accueil du commer\u00e7ant seront imm\u00e9diatement retir\u00e9s du programme. <\/li>\n<\/ul>\n\n<p>Les affili\u00e9s ne peuvent promouvoir que des codes promo <strong>explicitement<\/strong> attribu\u00e9s \u00e0 eux. La promotion de codes publics ou \u00e0 l\u2019\u00e9chelle du site (y compris des bulletins d\u2019information ou des campagnes de marque) n\u2019est pas permise sauf autorisation \u00e9crite. La promotion non autoris\u00e9e des coupons peut entra\u00eener l\u2019annulation des commissions et\/ou le retrait du programme.  <\/p>\n\n<h2 class=\"wp-block-heading\" id=\"ppc-policy\">Politique de paiement par clic (PPC)<\/h2>\n\n<p>Les ench\u00e8res PPC NE sont PAS permises sans autorisation \u00e9crite pr\u00e9alable.<\/p>\n\n<h2 class=\"wp-block-heading\">Paiements<\/h2>\n\n<p>Les paiements sont <strong>vers\u00e9s mensuellement<\/strong> pour les r\u00e9f\u00e9rences admissibles du mois pr\u00e9c\u00e9dent. Nous nous r\u00e9servons le droit de retarder les paiements si nous soup\u00e7onnons une fraude, des violations des politiques ou \u00e0 des fins de v\u00e9rification. Les m\u00e9thodes de paiement et les seuils de paiement minimums peuvent \u00eatre mis \u00e0 jour \u00e0 notre discr\u00e9tion et seront communiqu\u00e9s aux affili\u00e9s.  <\/p>\n\n<h2 class=\"wp-block-heading\" id=\"liability\">Responsabilit\u00e9<\/h2>\n\n<p>Quoriom+ \u2122 Live Probiotics ne sera pas tenu responsable des dommages indirects ou accidentels (perte de revenus, commissions) dus \u00e0 des d\u00e9faillances de suivi des affiliations, \u00e0 la perte de fichiers de bases de donn\u00e9es ou \u00e0 des cons\u00e9quences d\u2019intentions de nuire au Programme et\/ou \u00e0 nos sites web.<\/p>\n\n<p>Nous ne fournissons aucune garantie expresse ou implicite concernant le Programme et\/ou les adh\u00e9sions ou produits vendus par Quoriom+ \u2122 Live Probiotics. Nous ne pr\u00e9tendons pas que le fonctionnement du Programme et\/ou de notre(s) site(s) sera sans erreur et nous ne serons pas responsables des interruptions ou des erreurs. <\/p>\n\n<h2 class=\"wp-block-heading\">R\u00e9clamations et conformit\u00e9<\/h2>\n\n<p>Aucune r\u00e9clamation m\u00e9dicale. Ne pr\u00e9tendez pas diagnostiquer, traiter, gu\u00e9rir ou pr\u00e9venir une quelconque maladie. <\/p>\n\n<h2 class=\"wp-block-heading\" id=\"term-of-agreement\">Dur\u00e9e de l\u2019entente<\/h2>\n\n<p>La dur\u00e9e de cet accord commence d\u00e8s votre acceptation dans le programme et prendra fin lorsque votre compte affili\u00e9 sera r\u00e9sili\u00e9.<\/p>\n\n<p>Les termes et conditions de cet accord peuvent \u00eatre modifi\u00e9s par nous \u00e0 tout moment. Si toute modification des termes et conditions de cette entente vous semble inacceptable, votre seule option est de mettre fin \u00e0 votre compte affili\u00e9. Votre participation continue au programme constituera votre acceptation de tout changement.  <\/p>\n\n<h2 class=\"wp-block-heading\" id=\"indemnification\">Indemnisation<\/h2>\n\n<p>L\u2019affili\u00e9 indemnise et tiendra sans responsabilit\u00e9 Quoriom+ \u2122 Live Probiotics ainsi que ses soci\u00e9t\u00e9s affili\u00e9es et filiales, dirigeants, administrateurs, employ\u00e9s, licenci\u00e9s, successeurs et cessionnaires, y compris ceux licenci\u00e9s ou autoris\u00e9s par Quoriom+ \u2122 Live Probiotics \u00e0 transmettre et distribuer des documents, de toute responsabilit\u00e9, dommages, amendes, jugements, r\u00e9clamations, co\u00fbts, pertes et d\u00e9penses (y compris honoraires juridiques raisonnables et co\u00fbts) d\u00e9coulant ou li\u00e9s \u00e0 toutes les r\u00e9clamations soulev\u00e9es en lien avec cette entente est due \u00e0 la n\u00e9gligence, \u00e0 la fausse d\u00e9claration, au manquement de divulgation ou \u00e0 la conduite intentionnelle de l\u2019affili\u00e9.<\/p>\n\n<h2 class=\"wp-block-heading\" id=\"electronic-signatures-effective\">Signatures \u00e9lectroniques efficaces<\/h2>\n\n<p>L\u2019Entente est un contrat \u00e9lectronique qui \u00e9tablit les modalit\u00e9s juridiquement contraignantes de votre participation au programme d\u2019affiliation Quoriom+ \u2122 Live Probiotics. Vous faites part de votre acceptation de cette entente ainsi que de toutes les conditions g\u00e9n\u00e9rales contenues ou mentionn\u00e9es dans cette entente en compl\u00e9tant le processus de demande pour les probiotiques vivants Quoriom+\u2122. Cette action cr\u00e9e une signature \u00e9lectronique ayant la m\u00eame force juridique et le m\u00eame effet qu\u2019une signature manuscrite.  <\/p>\n","protected":false},"excerpt":{"rendered":"<p>En tant qu\u2019affili\u00e9 autoris\u00e9 (affili\u00e9) de Quoriom+ \u2122 Live Probiotics, vous acceptez de respecter les termes et conditions contenus dans cette entente (Entente). Veuillez lire attentivement l\u2019accord complet avant d\u2019enregistrer et de promouvoir Quoriom+ CDN en tant qu\u2019affili\u00e9. Votre participation au programme vise uniquement \u00e0 faire la publicit\u00e9 l\u00e9gale de notre site web afin de [&hellip;]<\/p>\n","protected":false},"author":9,"featured_media":0,"parent":0,"menu_order":0,"comment_status":"closed","ping_status":"closed","template":"","meta":{"_acf_changed":false,"_et_pb_use_builder":"off","_et_pb_old_content":"","_et_gb_content_width":"","inline_featured_image":false,"footnotes":""},"class_list":["post-3538","page","type-page","status-publish","hentry"],"acf":[],"jetpack_sharing_enabled":true,"_links":{"self":[{"href":"https:\/\/quoriomplus.ca\/fr-ca\/wp-json\/wp\/v2\/pages\/3538","targetHints":{"allow":["GET"]}}],"collection":[{"href":"https:\/\/quoriomplus.ca\/fr-ca\/wp-json\/wp\/v2\/pages"}],"about":[{"href":"https:\/\/quoriomplus.ca\/fr-ca\/wp-json\/wp\/v2\/types\/page"}],"author":[{"embeddable":true,"href":"https:\/\/quoriomplus.ca\/fr-ca\/wp-json\/wp\/v2\/users\/9"}],"replies":[{"embeddable":true,"href":"https:\/\/quoriomplus.ca\/fr-ca\/wp-json\/wp\/v2\/comments?post=3538"}],"version-history":[{"count":0,"href":"https:\/\/quoriomplus.ca\/fr-ca\/wp-json\/wp\/v2\/pages\/3538\/revisions"}],"wp:attachment":[{"href":"https:\/\/quoriomplus.ca\/fr-ca\/wp-json\/wp\/v2\/media?parent=3538"}],"curies":[{"name":"wp","href":"https:\/\/api.w.org\/{rel}","templated":true}]}}